{"id":244,"date":"2024-10-18T12:04:06","date_gmt":"2024-10-18T12:04:06","guid":{"rendered":"https:\/\/tdtfparis.fr\/?page_id=244"},"modified":"2025-09-20T10:33:09","modified_gmt":"2025-09-20T10:33:09","slug":"privatisation-reservation-2","status":"publish","type":"page","link":"https:\/\/tdtfparis.fr\/?page_id=244","title":{"rendered":"RESERVATION &#038; PRIVATISATION"},"content":{"rendered":"<div id=\"pl-244\"  class=\"panel-layout\" ><div id=\"pg-244-0\"  class=\"panel-grid panel-has-style\" ><div class=\"hero-fix siteorigin-panels-stretch panel-row-style panel-row-style-for-244-0\" data-stretch-type=\"full\" ><div id=\"pgc-244-0-0\"  class=\"panel-grid-cell\" ><div id=\"panel-244-0-0-0\" class=\"so-panel widget widget_sow-hero panel-first-child panel-last-child\" data-index=\"0\" ><div class=\"panel-widget-style panel-widget-style-for-244-0-0-0\" ><div\n\t\t\t\n\t\t\tclass=\"so-widget-sow-hero so-widget-sow-hero-default-6e1295598f9d-244 so-widget-fittext-wrapper\"\n\t\t\t data-fit-text-compressor=\"0.85\"\n\t\t>\t\t\t\t<div class=\"sow-slider-base\" style=\"display: none\" tabindex=\"0\">\n\t\t\t\t\t<ul\n\t\t\t\t\tclass=\"sow-slider-images\"\n\t\t\t\t\tdata-settings=\"{&quot;pagination&quot;:true,&quot;speed&quot;:800,&quot;timeout&quot;:8000,&quot;paused&quot;:false,&quot;pause_on_hover&quot;:false,&quot;swipe&quot;:true,&quot;nav_always_show_desktop&quot;:&quot;&quot;,&quot;nav_always_show_mobile&quot;:&quot;&quot;,&quot;breakpoint&quot;:&quot;780px&quot;,&quot;unmute&quot;:false,&quot;anchor&quot;:null}\"\n\t\t\t\t\t\t\t\t\t\tdata-anchor-id=\"\"\n\t\t\t\t>\t\t<li class=\"sow-slider-image\" style=\"visibility: visible;\" >\n\t\t\t\t\t<div class=\"sow-slider-image-container\">\n\t\t\t<div class=\"sow-slider-image-wrapper\">\n\t\t\t\t<h2>R\u00e9servation \/ Privatisation<\/h2>\n<p><span style=\"font-weight: 400\">Vous souhaitez r\u00e9server quelques tables, un coin d'une de deux salles ou privatiser la Room 43 pour un anniversaire, un pot de d\u00e9part ou un afterwork ?\u00a0<\/span><\/p>\n<p>Appelez-nous au 0645641410, DM nous sur Insta ou laissez nous un message via ce formulaire et nous vous recontacterons !<\/p>\n<p>Les r\u00e9servations sont gratuites, m\u00eame pour de grands groupes. Pour privatiser la Room 43 contactez nous et nous vous ferons un devis qui d\u00e9pend du jour de la semaine et de la p\u00e9riode de l\u2019ann\u00e9e.<\/p>\n<p><span style=\"font-weight: 400\">La privatisation de la Room 43 c\u2019est :\u00a0<\/span><\/p>\n<ul>\n<li style=\"font-weight: 400\"><span style=\"font-weight: 400\">Un espace de 90m2 \u00e0 votre disposition, totalement insonoris\u00e9, compos\u00e9 d\u2019une salle DJ set et d\u2019un bar ind\u00e9pendant<\/span><\/li>\n<li style=\"font-weight: 400\"><span style=\"font-weight: 400\">Une offre flexible et personnalis\u00e9e, selon vos envies\u00a0<\/span><\/li>\n<li style=\"font-weight: 400\"><span style=\"font-weight: 400\">La possibilit\u00e9 d\u2019utiliser l\u2019ensemble du mat\u00e9riel audio et vid\u00e9o de la salle, pour organiser un DJ set, un concert, un karaok\u00e9, une projection etc\u00a0<\/span><\/li>\n<li style=\"font-weight: 400\"><span style=\"font-weight: 400\">Le service d\u2019un ou d\u2019une barmaid pour l\u2019ensemble de votre soir\u00e9e<\/span><\/li>\n<\/ul>\n\t\t\t<\/div>\n\t\t<\/div>\n\t\t\t\t<\/li>\n\t\t<\/ul>\t\t\t\t<ol class=\"sow-slider-pagination\">\n\t\t\t\t\t\t\t\t\t\t\t<li><a href=\"#\" data-goto=\"0\" aria-label=\"Display slide 1\"><\/a><\/li>\n\t\t\t\t\t\t\t\t\t<\/ol>\n\n\t\t\t\t<div class=\"sow-slide-nav sow-slide-nav-next\">\n\t\t\t\t\t<a href=\"#\" data-goto=\"next\" aria-label=\"Next slide\" data-action=\"next\">\n\t\t\t\t\t\t<em class=\"sow-sld-icon-thin-right\"><\/em>\n\t\t\t\t\t<\/a>\n\t\t\t\t<\/div>\n\n\t\t\t\t<div class=\"sow-slide-nav sow-slide-nav-prev\">\n\t\t\t\t\t<a href=\"#\" data-goto=\"previous\" aria-label=\"Previous slide\" data-action=\"prev\">\n\t\t\t\t\t\t<em class=\"sow-sld-icon-thin-left\"><\/em>\n\t\t\t\t\t<\/a>\n\t\t\t\t<\/div>\n\t\t\t\t<\/div><\/div><\/div><\/div><\/div><\/div><\/div><div id=\"pg-244-1\"  class=\"panel-grid panel-no-style\" ><div id=\"pgc-244-1-0\"  class=\"panel-grid-cell\" ><div id=\"panel-244-1-0-0\" class=\"so-panel widget widget_sow-contact-form panel-first-child panel-last-child\" data-index=\"1\" ><div\n\t\t\t\n\t\t\tclass=\"so-widget-sow-contact-form so-widget-sow-contact-form-default-9d65c5d4c157-244\"\n\t\t\t\n\t\t>\t<form\n\t\taction=\"\/index.php?rest_route=%2Fwp%2Fv2%2Fpages%2F244\"\n\t\tmethod=\"POST\"\n\t\tclass=\"sow-contact-form\"\n\t\tid=\"contact-form-c27b\"\n\t>\n\n\t\t\n\t\t            <p><em>Les champs marqu\u00e9s d\u2019un * sont obligatoires<\/em><\/p>\n\t\t\t\t\t\t<div class=\"sow-form-field sow-form-field-name\">\n\t\t\t\t<label class=\"sow-form-field-label-above\" for=\"sow-contact-form-field-nom-1\">\n\t\t\t\t<strong>\n\t\t\t\t\tNom\t\t\t\t\t\t\t\t\t\t\t<span class=\"sow-form-field-required\">*<\/span>\n\t\t\t\t\t\t\t\t\t<\/strong>\n\t\t\t<\/label>\n\t\t\t\t\t\t\t<div class=\"sow-field-container\">\n\t\t\t\t\t\t\t<input\n\t\t\ttype=\"text\"\n\t\t\tname=\"nom-1\"\n\t\t\tid=\"sow-contact-form-field-nom-1\"\n\t\t\tvalue=\"\"\n\t\t\tclass=\"sow-text-field\"\n\t\t\t\t\t\t\t\t\/>\n\t\t\t\t\t\t<\/div>\n\t\t\t\t\t\t\t<\/div>\n\t\t\t\t\t\t<div class=\"sow-form-field sow-form-field-name\">\n\t\t\t\t<label class=\"sow-form-field-label-above\" for=\"sow-contact-form-field-prenom-1\">\n\t\t\t\t<strong>\n\t\t\t\t\tPr\u00e9nom\t\t\t\t\t\t\t\t\t<\/strong>\n\t\t\t<\/label>\n\t\t\t\t\t\t\t<div class=\"sow-field-container\">\n\t\t\t\t\t\t\t<input\n\t\t\ttype=\"text\"\n\t\t\tname=\"prenom-1\"\n\t\t\tid=\"sow-contact-form-field-prenom-1\"\n\t\t\tvalue=\"\"\n\t\t\tclass=\"sow-text-field\"\n\t\t\t\t\t\t\t\t\/>\n\t\t\t\t\t\t<\/div>\n\t\t\t\t\t\t\t<\/div>\n\t\t\t\t\t\t<div class=\"sow-form-field sow-form-field-email\">\n\t\t\t\t<label class=\"sow-form-field-label-above\" for=\"sow-contact-form-field-adresse-email-1\">\n\t\t\t\t<strong>\n\t\t\t\t\tAdresse email\t\t\t\t\t\t\t\t\t<\/strong>\n\t\t\t<\/label>\n\t\t\t\t\t\t\t<div class=\"sow-field-container\">\n\t\t\t\t\t\t\t<input\n\t\t\ttype=\"email\"\n\t\t\tname=\"adresse-email-1\"\n\t\t\tid=\"sow-contact-form-field-adresse-email-1\"\n\t\t\tvalue=\"\"\n\t\t\tclass=\"sow-text-field\"\t\t\t\t\t\t\t\t\/>\n\t\t\t\t\t\t<\/div>\n\t\t\t\t\t\t\t<\/div>\n\t\t\t\t\t\t<div class=\"sow-form-field sow-form-field-tel\">\n\t\t\t\t<label class=\"sow-form-field-label-above\" for=\"sow-contact-form-field-numero-de-telephone-1\">\n\t\t\t\t<strong>\n\t\t\t\t\tNum\u00e9ro de t\u00e9l\u00e9phone\t\t\t\t\t\t\t\t\t<\/strong>\n\t\t\t<\/label>\n\t\t\t\t\t\t\t<div class=\"sow-field-container\">\n\t\t\t\t\t\t\t<input\n\t\t\ttype=\"tel\"\n\t\t\tname=\"numero-de-telephone-1\"\n\t\t\tid=\"sow-contact-form-field-numero-de-telephone-1\"\n\t\t\tvalue=\"\"\n\t\t\tclass=\"sow-text-field\"\t\t\t\t\t\t\t\t\/>\n\t\t\t\t\t\t<\/div>\n\t\t\t\t\t\t\t<\/div>\n\t\t\t\t\t\t<div class=\"sow-form-field sow-form-field-text\">\n\t\t\t\t<label class=\"sow-form-field-label-above\" for=\"sow-contact-form-field-date-de-la-reservation-1\">\n\t\t\t\t<strong>\n\t\t\t\t\tDate de la r\u00e9servation\t\t\t\t\t\t\t\t\t\t\t<span class=\"sow-form-field-required\">*<\/span>\n\t\t\t\t\t\t\t\t\t<\/strong>\n\t\t\t<\/label>\n\t\t\t\t\t\t\t<div class=\"sow-field-container\">\n\t\t\t\t\t\t\t<input\n\t\t\ttype=\"text\"\n\t\t\tname=\"date-de-la-reservation-1\"\n\t\t\tid=\"sow-contact-form-field-date-de-la-reservation-1\"\n\t\t\tvalue=\"\"\n\t\t\tclass=\"sow-text-field\"\t\t\taria-describedby=\"sow-contact-form-field-date-de-la-reservation-1-description\" \t\t\t\t\t\/>\n\t\t\t\t\t\t\t\t<div\n\t\t\t\t\t\t\tclass=\"sow-form-field-description\"\n\t\t\t\t\t\t\tid=\"sow-contact-form-field-date-de-la-reservation-1-description\"\n\t\t\t\t\t\t>\n\t\t\t\t\t\t\tJJ\/MM\/AA\t\t\t\t\t\t<\/div>\n\t\t\t\t\t\t\t\t\t\t<\/div>\n\t\t\t\t\t\t\t<\/div>\n\t\t\t\t\t\t<div class=\"sow-form-field sow-form-field-textarea\">\n\t\t\t\t<label class=\"sow-form-field-label-above\" for=\"sow-contact-form-field-message-ou-demande-speciale-1\">\n\t\t\t\t<strong>\n\t\t\t\t\tMessage ou demande sp\u00e9ciale \t\t\t\t\t\t\t\t\t<\/strong>\n\t\t\t<\/label>\n\t\t\t\t\t\t\t<div class=\"sow-field-container\">\n\t\t\t\t\t\t\t<textarea\n\t\t\tname=\"message-ou-demande-speciale-1\"\n\t\t\tid=\"sow-contact-form-field-message-ou-demande-speciale-1\"\n\t\t\trows=\"10\"\n\t\t\t\t\t\t\t\t><\/textarea>\n\t\t\t\t\t\t<\/div>\n\t\t\t\t\t\t\t<\/div>\n\t\t\t\t\t\t<input\n\t\t\t\ttype=\"text\"\n\t\t\t\tname=\"sow-name\"\n\t\t\t\tclass=\"sow-text-field\"\n\t\t\t\tstyle=\"display: none !important; visibility: hidden !important;\"\n\t\t\t\tautocomplete=\"off\"\n\t\t\t\taria-hidden=\"true\"\n\t\t\t>\n\t\t\n\t\t\n\t\t<div class=\"sow-submit-wrapper \n\t\tsow-submit-styled\t\t\">\n\n\t\t\t<button\n\t\t\t\ttype=\"submit\"\n\t\t\t\tclass=\"sow-submit\n\t\t\t\t\t\t\t\t\"\n\t\t\t\t\t\t\t>\n\t\t\t\tR\u00e9server\t\t\t<\/button>\n\t\t<\/div>\n\t\t\t\t<input\n\t\t\ttype=\"hidden\"\n\t\t\tname=\"instance_hash-1\"\n\t\t\tvalue=\"c27b0cb1\"\n\t\t\/>\n\n\t\t<input type=\"hidden\" id=\"_wpnonce\" name=\"_wpnonce\" value=\"bfb91ee521\" \/><input type=\"hidden\" name=\"_wp_http_referer\" value=\"\/index.php?rest_route=%2Fwp%2Fv2%2Fpages%2F244\" \/>\t<\/form>\n\t<\/div><\/div><\/div><\/div><\/div>","protected":false},"excerpt":{"rendered":"<p>R\u00e9servation \/ Privatisation Vous souhaitez r\u00e9server quelques tables, un coin d&rsquo;une de deux salles ou privatiser la Room 43 pour un anniversaire, un pot de d\u00e9part ou un afterwork ?\u00a0 Appelez-nous au 0645641410, DM nous sur Insta ou laissez nous un message via ce formulaire et nous vous recontacterons ! Les r\u00e9servations sont gratuites, m\u00eame [&hellip;]<\/p>\n","protected":false},"author":1,"featured_media":0,"parent":0,"menu_order":0,"comment_status":"closed","ping_status":"closed","template":"","meta":{"_acf_changed":false,"footnotes":""},"class_list":["post-244","page","type-page","status-publish","hentry","post"],"acf":[],"yoast_head":"<!-- This site is optimized with the Yoast SEO plugin v24.7 - https:\/\/yoast.com\/wordpress\/plugins\/seo\/ -->\n<title>RESERVATION &amp; PRIVATISATION<\/title>\n<meta name=\"description\" content=\"R\u00e9server des tables\/un espace ou privatisez le TDTF : anniversaire, afterwork, soir\u00e9e d\u2019\u00e9quipe, r\u00e9unions. Sono\/Projecteur\/Micro \/ Terrasses.\" \/>\n<meta name=\"robots\" content=\"index, follow, max-snippet:-1, max-image-preview:large, max-video-preview:-1\" \/>\n<link rel=\"canonical\" href=\"https:\/\/tdtfparis.fr\/?page_id=244\" \/>\n<meta property=\"og:locale\" content=\"fr_FR\" \/>\n<meta property=\"og:type\" content=\"article\" \/>\n<meta property=\"og:title\" content=\"RESERVATION &amp; PRIVATISATION\" \/>\n<meta property=\"og:description\" content=\"R\u00e9server des tables\/un espace ou privatisez le TDTF : anniversaire, afterwork, soir\u00e9e d\u2019\u00e9quipe, r\u00e9unions. Sono\/Projecteur\/Micro \/ Terrasses.\" \/>\n<meta property=\"og:url\" content=\"https:\/\/tdtfparis.fr\/?page_id=244\" \/>\n<meta property=\"og:site_name\" content=\"TDTF\" \/>\n<meta property=\"article:publisher\" content=\"https:\/\/www.facebook.com\/profile.php?id=61551236751001\" \/>\n<meta property=\"article:modified_time\" content=\"2025-09-20T10:33:09+00:00\" \/>\n<meta name=\"twitter:card\" content=\"summary_large_image\" \/>\n<meta name=\"twitter:label1\" content=\"Dur\u00e9e de lecture estim\u00e9e\" \/>\n\t<meta name=\"twitter:data1\" content=\"1 minute\" \/>\n<script type=\"application\/ld+json\" class=\"yoast-schema-graph\">{\"@context\":\"https:\/\/schema.org\",\"@graph\":[{\"@type\":\"WebPage\",\"@id\":\"https:\/\/tdtfparis.fr\/?page_id=244\",\"url\":\"https:\/\/tdtfparis.fr\/?page_id=244\",\"name\":\"RESERVATION & PRIVATISATION\",\"isPartOf\":{\"@id\":\"https:\/\/tdtfparis.fr\/#website\"},\"datePublished\":\"2024-10-18T12:04:06+00:00\",\"dateModified\":\"2025-09-20T10:33:09+00:00\",\"description\":\"R\u00e9server des tables\/un espace ou privatisez le TDTF : anniversaire, afterwork, soir\u00e9e d\u2019\u00e9quipe, r\u00e9unions. Sono\/Projecteur\/Micro \/ Terrasses.\",\"breadcrumb\":{\"@id\":\"https:\/\/tdtfparis.fr\/?page_id=244#breadcrumb\"},\"inLanguage\":\"fr-FR\",\"potentialAction\":[{\"@type\":\"ReadAction\",\"target\":[\"https:\/\/tdtfparis.fr\/?page_id=244\"]}]},{\"@type\":\"BreadcrumbList\",\"@id\":\"https:\/\/tdtfparis.fr\/?page_id=244#breadcrumb\",\"itemListElement\":[{\"@type\":\"ListItem\",\"position\":1,\"name\":\"Accueil\",\"item\":\"https:\/\/tdtfparis.fr\/\"},{\"@type\":\"ListItem\",\"position\":2,\"name\":\"RESERVATION &#038; PRIVATISATION\"}]},{\"@type\":\"WebSite\",\"@id\":\"https:\/\/tdtfparis.fr\/#website\",\"url\":\"https:\/\/tdtfparis.fr\/\",\"name\":\"TDTF\",\"description\":\"TDTF TON BAR \u00c0 PARIS 19\",\"publisher\":{\"@id\":\"https:\/\/tdtfparis.fr\/#organization\"},\"potentialAction\":[{\"@type\":\"SearchAction\",\"target\":{\"@type\":\"EntryPoint\",\"urlTemplate\":\"https:\/\/tdtfparis.fr\/?s={search_term_string}\"},\"query-input\":{\"@type\":\"PropertyValueSpecification\",\"valueRequired\":true,\"valueName\":\"search_term_string\"}}],\"inLanguage\":\"fr-FR\"},{\"@type\":\"Organization\",\"@id\":\"https:\/\/tdtfparis.fr\/#organization\",\"name\":\"TDTF PARIS\",\"url\":\"https:\/\/tdtfparis.fr\/\",\"logo\":{\"@type\":\"ImageObject\",\"inLanguage\":\"fr-FR\",\"@id\":\"https:\/\/tdtfparis.fr\/#\/schema\/logo\/image\/\",\"url\":\"https:\/\/tdtfparis.fr\/wp-content\/uploads\/2024\/10\/cropped-TDTF-Noir-150x150-1.webp\",\"contentUrl\":\"https:\/\/tdtfparis.fr\/wp-content\/uploads\/2024\/10\/cropped-TDTF-Noir-150x150-1.webp\",\"width\":150,\"height\":150,\"caption\":\"TDTF PARIS\"},\"image\":{\"@id\":\"https:\/\/tdtfparis.fr\/#\/schema\/logo\/image\/\"},\"sameAs\":[\"https:\/\/www.facebook.com\/profile.php?id=61551236751001\",\"https:\/\/share.google\/FW6pQUPpUq354rtsG\",\"https:\/\/www.instagram.com\/tdtfparis\/\"]}]}<\/script>\n<!-- \/ Yoast SEO plugin. -->","yoast_head_json":{"title":"RESERVATION & PRIVATISATION","description":"R\u00e9server des tables\/un espace ou privatisez le TDTF : anniversaire, afterwork, soir\u00e9e d\u2019\u00e9quipe, r\u00e9unions. Sono\/Projecteur\/Micro \/ Terrasses.","robots":{"index":"index","follow":"follow","max-snippet":"max-snippet:-1","max-image-preview":"max-image-preview:large","max-video-preview":"max-video-preview:-1"},"canonical":"https:\/\/tdtfparis.fr\/?page_id=244","og_locale":"fr_FR","og_type":"article","og_title":"RESERVATION & PRIVATISATION","og_description":"R\u00e9server des tables\/un espace ou privatisez le TDTF : anniversaire, afterwork, soir\u00e9e d\u2019\u00e9quipe, r\u00e9unions. Sono\/Projecteur\/Micro \/ Terrasses.","og_url":"https:\/\/tdtfparis.fr\/?page_id=244","og_site_name":"TDTF","article_publisher":"https:\/\/www.facebook.com\/profile.php?id=61551236751001","article_modified_time":"2025-09-20T10:33:09+00:00","twitter_card":"summary_large_image","twitter_misc":{"Dur\u00e9e de lecture estim\u00e9e":"1 minute"},"schema":{"@context":"https:\/\/schema.org","@graph":[{"@type":"WebPage","@id":"https:\/\/tdtfparis.fr\/?page_id=244","url":"https:\/\/tdtfparis.fr\/?page_id=244","name":"RESERVATION & PRIVATISATION","isPartOf":{"@id":"https:\/\/tdtfparis.fr\/#website"},"datePublished":"2024-10-18T12:04:06+00:00","dateModified":"2025-09-20T10:33:09+00:00","description":"R\u00e9server des tables\/un espace ou privatisez le TDTF : anniversaire, afterwork, soir\u00e9e d\u2019\u00e9quipe, r\u00e9unions. Sono\/Projecteur\/Micro \/ Terrasses.","breadcrumb":{"@id":"https:\/\/tdtfparis.fr\/?page_id=244#breadcrumb"},"inLanguage":"fr-FR","potentialAction":[{"@type":"ReadAction","target":["https:\/\/tdtfparis.fr\/?page_id=244"]}]},{"@type":"BreadcrumbList","@id":"https:\/\/tdtfparis.fr\/?page_id=244#breadcrumb","itemListElement":[{"@type":"ListItem","position":1,"name":"Accueil","item":"https:\/\/tdtfparis.fr\/"},{"@type":"ListItem","position":2,"name":"RESERVATION &#038; PRIVATISATION"}]},{"@type":"WebSite","@id":"https:\/\/tdtfparis.fr\/#website","url":"https:\/\/tdtfparis.fr\/","name":"TDTF","description":"TDTF TON BAR \u00c0 PARIS 19","publisher":{"@id":"https:\/\/tdtfparis.fr\/#organization"},"potentialAction":[{"@type":"SearchAction","target":{"@type":"EntryPoint","urlTemplate":"https:\/\/tdtfparis.fr\/?s={search_term_string}"},"query-input":{"@type":"PropertyValueSpecification","valueRequired":true,"valueName":"search_term_string"}}],"inLanguage":"fr-FR"},{"@type":"Organization","@id":"https:\/\/tdtfparis.fr\/#organization","name":"TDTF PARIS","url":"https:\/\/tdtfparis.fr\/","logo":{"@type":"ImageObject","inLanguage":"fr-FR","@id":"https:\/\/tdtfparis.fr\/#\/schema\/logo\/image\/","url":"https:\/\/tdtfparis.fr\/wp-content\/uploads\/2024\/10\/cropped-TDTF-Noir-150x150-1.webp","contentUrl":"https:\/\/tdtfparis.fr\/wp-content\/uploads\/2024\/10\/cropped-TDTF-Noir-150x150-1.webp","width":150,"height":150,"caption":"TDTF PARIS"},"image":{"@id":"https:\/\/tdtfparis.fr\/#\/schema\/logo\/image\/"},"sameAs":["https:\/\/www.facebook.com\/profile.php?id=61551236751001","https:\/\/share.google\/FW6pQUPpUq354rtsG","https:\/\/www.instagram.com\/tdtfparis\/"]}]}},"_links":{"self":[{"href":"https:\/\/tdtfparis.fr\/index.php?rest_route=\/wp\/v2\/pages\/244","targetHints":{"allow":["GET"]}}],"collection":[{"href":"https:\/\/tdtfparis.fr\/index.php?rest_route=\/wp\/v2\/pages"}],"about":[{"href":"https:\/\/tdtfparis.fr\/index.php?rest_route=\/wp\/v2\/types\/page"}],"author":[{"embeddable":true,"href":"https:\/\/tdtfparis.fr\/index.php?rest_route=\/wp\/v2\/users\/1"}],"replies":[{"embeddable":true,"href":"https:\/\/tdtfparis.fr\/index.php?rest_route=%2Fwp%2Fv2%2Fcomments&post=244"}],"version-history":[{"count":28,"href":"https:\/\/tdtfparis.fr\/index.php?rest_route=\/wp\/v2\/pages\/244\/revisions"}],"predecessor-version":[{"id":938,"href":"https:\/\/tdtfparis.fr\/index.php?rest_route=\/wp\/v2\/pages\/244\/revisions\/938"}],"wp:attachment":[{"href":"https:\/\/tdtfparis.fr\/index.php?rest_route=%2Fwp%2Fv2%2Fmedia&parent=244"}],"curies":[{"name":"wp","href":"https:\/\/api.w.org\/{rel}","templated":true}]}}